{"id":82,"date":"2024-10-03T12:21:50","date_gmt":"2024-10-03T10:21:50","guid":{"rendered":"https:\/\/von-franconia.de\/?page_id=82"},"modified":"2024-10-14T16:37:26","modified_gmt":"2024-10-14T14:37:26","slug":"kontakt-impressum-datenschutz","status":"publish","type":"page","link":"https:\/\/von-franconia.de\/?page_id=82","title":{"rendered":"Kontakt \/ Impressum \/ Datenschutz"},"content":{"rendered":"\n<h4 class=\"wp-block-heading has-text-align-center\"><strong>Silke und Michael&nbsp;Reis<\/strong>&nbsp;<\/h4>\n\n\n\n<h4 class=\"wp-block-heading has-text-align-center\">Jagdhaus &#8211;&nbsp;97906 Faulbach&nbsp;&nbsp;<\/h4>\n\n\n\n<h4 class=\"wp-block-heading has-text-align-center\"><strong><a href=\"https:\/\/www.google.com\/maps\/place\/49%C2%B047'08.5%22N+9%C2%B027'38.9%22E\/@49.7857082,9.4587626,539m\/data=!3m2!1e3!4b1!4m6!3m5!1s0x0:0x0!7e2!8m2!3d49.785705!4d9.4608176?hl=de-DE\" target=\"_blank\" rel=\"noreferrer noopener\">&nbsp;Routenplaner<\/a>&nbsp;&nbsp;<\/strong><\/h4>\n\n\n\n<h4 class=\"wp-block-heading has-text-align-center\">Unsere Koordinaten f\u00fcrs Navi:&nbsp;<\/h4>\n\n\n\n<h4 class=\"wp-block-heading has-text-align-center\">49\u00b047&#8217;08.5&#8243;N 9\u00b027&#8217;38.9&#8243;E&nbsp;<\/h4>\n\n\n\n<h5 class=\"wp-block-heading has-text-align-center\">49.785705, 9.460818<\/h5>\n\n\n\n<h4 class=\"wp-block-heading has-text-align-center\">Leider ist das Jagdhaus (roter Punkt) im Routenplaner nicht immer vermerkt,&nbsp;<\/h4>\n\n\n\n<h4 class=\"wp-block-heading has-text-align-center\">daher kann auch die Adresse &#8222;K\u00f6nigsbaum&#8220; eingegeben werden, da das ganz in der N\u00e4he ist.<\/h4>\n\n\n\n<h4 class=\"wp-block-heading has-text-align-center\">Den Kreisel verlassen &#8211; geradeaus in den Wald fahren und im Wald den 1. Weg links nehmen, dann nach ca. 400 Metern finden Sie uns&nbsp; &#8230;<\/h4>\n\n\n\n<h4 class=\"wp-block-heading has-text-align-center\">Anmerkung der Redaktion: f\u00fcr tiefergelegte Fahrzeuge nicht geeingnet&nbsp; \ud83d\ude09<\/h4>\n\n\n\n<figure class=\"wp-block-image aligncenter size-large is-resized\"><a href=\"https:\/\/www.google.com\/maps\/dir\/\/49.7856902,9.4609797\/@49.7848631,9.4582972,766m\/data=!3m1!1e3!4m2!4m1!3e0?hl=de-DE&amp;entry=ttu&amp;g_ep=EgoyMDI0MDkzMC4wIKXMDSoASAFQAw%3D%3D\" target=\"_blank\" rel=\"noreferrer noopener\"><img loading=\"lazy\" decoding=\"async\" width=\"599\" height=\"1024\" src=\"https:\/\/von-franconia.de\/wp-content\/uploads\/2024\/10\/Jagdhaus-google-599x1024.jpg\" alt=\"\" class=\"wp-image-84\" style=\"width:215px;height:auto\" srcset=\"https:\/\/von-franconia.de\/wp-content\/uploads\/2024\/10\/Jagdhaus-google-599x1024.jpg 599w, https:\/\/von-franconia.de\/wp-content\/uploads\/2024\/10\/Jagdhaus-google-176x300.jpg 176w, https:\/\/von-franconia.de\/wp-content\/uploads\/2024\/10\/Jagdhaus-google-768x1312.jpg 768w, https:\/\/von-franconia.de\/wp-content\/uploads\/2024\/10\/Jagdhaus-google-899x1536.jpg 899w, https:\/\/von-franconia.de\/wp-content\/uploads\/2024\/10\/Jagdhaus-google.jpg 1080w\" sizes=\"auto, (max-width: 599px) 100vw, 599px\" \/><\/a><\/figure>\n\n\n\n<p><a href=\"https:\/\/www.google.com\/maps\/dir\/\/49.7856902,9.4609797\/@49.7848631,9.4582972,559m\/data=!3m1!1e3!4m2!4m1!3e0?hl=de-DE\" target=\"_blank\" rel=\"noreferrer noopener\"><\/a><\/p>\n\n\n\n<h4 class=\"wp-block-heading has-text-align-center\"><strong>&nbsp;E-Mail: info at von-franconia.de<\/strong><\/h4>\n\n\n\n<h4 class=\"wp-block-heading has-text-align-center\"><strong>Telefon : +49 (0) 93 92 \/ 93 43 85&nbsp;<\/strong><\/h4>\n\n\n\n<h4 class=\"wp-block-heading has-text-align-center\"><strong>Mobil: +49 (0) 170 \/ 68 83 211<\/strong><\/h4>\n\n\n\n<h4 class=\"wp-block-heading has-text-align-center\">&nbsp;Wir sind tags\u00fcber auch oft mit den Hunden unterwegs und daher&nbsp;freuen wir uns am Abend ab ca. 20.30 Uhr auf Ihren Anruf!&nbsp;&nbsp;<\/h4>\n\n\n\n<h4 class=\"wp-block-heading has-text-align-center\">Wir bevorzugen das pers\u00f6nliche Gespr\u00e4ch vor einer doch etwas unpers\u00f6nlicheren Mail oder WhatsApp-Nachricht.&nbsp;<\/h4>\n\n\n\n<h4 class=\"wp-block-heading has-text-align-center\">Auch kommt es immer wieder vor, dass eine E-Mail nicht ankommt &#8211; daher ist der Anruf der beste Weg Kontakt mit uns aufzunehmen.&nbsp;<\/h4>\n\n\n\n<h4 class=\"wp-block-heading has-text-align-center\">Rufen Sie uns &#8211; am liebsten auf dem Festnetz &#8211; an&nbsp;und bitte nicht verzagen wenn Sie uns nicht sofort erreichen &#8230; wahrscheinlich telefonieren wir dann auf der anderen Leitung &#8211; einfach etwas sp\u00e4ter oder die n\u00e4chsten Tage wieder probieren. Dankesch\u00f6n!<\/h4>\n\n\n\n<hr class=\"wp-block-separator has-alpha-channel-opacity\"\/>\n\n\n\n<h4 class=\"wp-block-heading has-text-align-center\"><strong>Datenschutz:<\/strong><\/h4>\n\n\n\n<h4 class=\"wp-block-heading has-text-align-center\">Auf die g\u00fcltige Datenschutzverordnung (DSGVO) wird verwiesen.<\/h4>\n\n\n\n<h4 class=\"wp-block-heading has-text-align-center\">Daten werden von uns nur gespeichert soweit sie im Zusammenhang mit dem Verkauf und Betreuung eines Welpen stehen und daf\u00fcr ben\u00f6tigt werden.<\/h4>\n\n\n\n<h4 class=\"wp-block-heading has-text-align-center\">Mit der Kontaktaufnahme (telefonisch oder per Mail) zu uns stimmen Sie dieser Speicherung zu.<\/h4>\n\n\n\n<h4 class=\"wp-block-heading has-text-align-center\">Es erfolgt keine Weitergabe an Dritte zu Werbezwecken.<\/h4>\n\n\n\n<h4 class=\"wp-block-heading has-text-align-center\">Unsere Website verwendet Cookies &#8230;<\/h4>\n\n\n\n<p class=\"has-text-align-center\"><\/p>\n\n\n\n<ul class=\"wp-block-social-links is-content-justification-center is-layout-flex wp-container-core-social-links-is-layout-a89b3969 wp-block-social-links-is-layout-flex\"><li class=\"wp-social-link wp-social-link-facebook  wp-block-social-link\"><a href=\"https:\/\/www.facebook.com\/silke.reis.3\/\" class=\"wp-block-social-link-anchor\"><svg width=\"24\" height=\"24\" viewBox=\"0 0 24 24\" version=\"1.1\" xmlns=\"http:\/\/www.w3.org\/2000\/svg\" aria-hidden=\"true\" focusable=\"false\"><path d=\"M12 2C6.5 2 2 6.5 2 12c0 5 3.7 9.1 8.4 9.9v-7H7.9V12h2.5V9.8c0-2.5 1.5-3.9 3.8-3.9 1.1 0 2.2.2 2.2.2v2.5h-1.3c-1.2 0-1.6.8-1.6 1.6V12h2.8l-.4 2.9h-2.3v7C18.3 21.1 22 17 22 12c0-5.5-4.5-10-10-10z\"><\/path><\/svg><span class=\"wp-block-social-link-label screen-reader-text\">Facebook<\/span><\/a><\/li><\/ul>\n\n\n\n<p><\/p>\n\n\n\n<p><\/p>\n","protected":false},"excerpt":{"rendered":"<p>Silke und Michael&nbsp;Reis&nbsp; Jagdhaus &#8211;&nbsp;97906 Faulbach&nbsp;&nbsp; &nbsp;Routenplaner&nbsp;&nbsp; Unsere Koordinaten f\u00fcrs Navi:&nbsp; 49\u00b047&#8217;08.5&#8243;N 9\u00b027&#8217;38.9&#8243;E&nbsp; 49.785705, 9.460818 Leider ist das Jagdhaus (roter [&hellip;]<\/p>\n","protected":false},"author":1,"featured_media":0,"parent":0,"menu_order":11,"comment_status":"closed","ping_status":"closed","template":"","meta":{"site-sidebar-layout":"default","site-content-layout":"","ast-site-content-layout":"default","site-content-style":"default","site-sidebar-style":"default","ast-global-header-display":"","ast-banner-title-visibility":"","ast-main-header-display":"","ast-hfb-above-header-display":"","ast-hfb-below-header-display":"","ast-hfb-mobile-header-display":"","site-post-title":"disabled","ast-breadcrumbs-content":"","ast-featured-img":"","footer-sml-layout":"","ast-disable-related-posts":"","theme-transparent-header-meta":"","adv-header-id-meta":"","stick-header-meta":"","header-above-stick-meta":"","header-main-stick-meta":"","header-below-stick-meta":"","astra-migrate-meta-layouts":"default","ast-page-background-enabled":"default","ast-page-background-meta":{"desktop":{"background-color":"var(--ast-global-color-4)","background-image":"","background-repeat":"repeat","background-position":"center center","background-size":"auto","background-attachment":"scroll","background-type":"","background-media":"","overlay-type":"","overlay-color":"","overlay-opacity":"","overlay-gradient":""},"tablet":{"background-color":"","background-image":"","background-repeat":"repeat","background-position":"center center","background-size":"auto","background-attachment":"scroll","background-type":"","background-media":"","overlay-type":"","overlay-color":"","overlay-opacity":"","overlay-gradient":""},"mobile":{"background-color":"","background-image":"","background-repeat":"repeat","background-position":"center center","background-size":"auto","background-attachment":"scroll","background-type":"","background-media":"","overlay-type":"","overlay-color":"","overlay-opacity":"","overlay-gradient":""}},"ast-content-background-meta":{"desktop":{"background-color":"var(--ast-global-color-5)","background-image":"","background-repeat":"repeat","background-position":"center center","background-size":"auto","background-attachment":"scroll","background-type":"","background-media":"","overlay-type":"","overlay-color":"","overlay-opacity":"","overlay-gradient":""},"tablet":{"background-color":"var(--ast-global-color-5)","background-image":"","background-repeat":"repeat","background-position":"center center","background-size":"auto","background-attachment":"scroll","background-type":"","background-media":"","overlay-type":"","overlay-color":"","overlay-opacity":"","overlay-gradient":""},"mobile":{"background-color":"var(--ast-global-color-5)","background-image":"","background-repeat":"repeat","background-position":"center center","background-size":"auto","background-attachment":"scroll","background-type":"","background-media":"","overlay-type":"","overlay-color":"","overlay-opacity":"","overlay-gradient":""}},"footnotes":""},"class_list":["post-82","page","type-page","status-publish","hentry"],"_links":{"self":[{"href":"https:\/\/von-franconia.de\/index.php?rest_route=\/wp\/v2\/pages\/82","targetHints":{"allow":["GET"]}}],"collection":[{"href":"https:\/\/von-franconia.de\/index.php?rest_route=\/wp\/v2\/pages"}],"about":[{"href":"https:\/\/von-franconia.de\/index.php?rest_route=\/wp\/v2\/types\/page"}],"author":[{"embeddable":true,"href":"https:\/\/von-franconia.de\/index.php?rest_route=\/wp\/v2\/users\/1"}],"replies":[{"embeddable":true,"href":"https:\/\/von-franconia.de\/index.php?rest_route=%2Fwp%2Fv2%2Fcomments&post=82"}],"version-history":[{"count":11,"href":"https:\/\/von-franconia.de\/index.php?rest_route=\/wp\/v2\/pages\/82\/revisions"}],"predecessor-version":[{"id":282,"href":"https:\/\/von-franconia.de\/index.php?rest_route=\/wp\/v2\/pages\/82\/revisions\/282"}],"wp:attachment":[{"href":"https:\/\/von-franconia.de\/index.php?rest_route=%2Fwp%2Fv2%2Fmedia&parent=82"}],"curies":[{"name":"wp","href":"https:\/\/api.w.org\/{rel}","templated":true}]}}