{"id":8,"date":"2024-10-02T23:55:24","date_gmt":"2024-10-02T21:55:24","guid":{"rendered":"https:\/\/von-franconia.de\/?page_id=8"},"modified":"2026-03-18T23:53:44","modified_gmt":"2026-03-18T22:53:44","slug":"__trashed","status":"publish","type":"page","link":"https:\/\/von-franconia.de\/","title":{"rendered":"Rassebeschreibung"},"content":{"rendered":"\n<h5 class=\"wp-block-heading has-text-align-center\"><strong>Herzlich willkommen auf unserer Homepage!<\/strong><\/h5>\n\n\n\n<h5 class=\"wp-block-heading has-text-align-center\"><strong>Hier finden Sie viele Informationen \u00fcber uns und unsere Hunde<\/strong>.<\/h5>\n\n\n\n<figure class=\"wp-block-image aligncenter size-full is-resized\"><img loading=\"lazy\" decoding=\"async\" width=\"777\" height=\"777\" src=\"https:\/\/von-franconia.de\/wp-content\/uploads\/2024\/10\/Juna-1-1.png\" alt=\"\" class=\"wp-image-76\" style=\"width:310px;height:auto\" srcset=\"https:\/\/von-franconia.de\/wp-content\/uploads\/2024\/10\/Juna-1-1.png 777w, https:\/\/von-franconia.de\/wp-content\/uploads\/2024\/10\/Juna-1-1-300x300.png 300w, https:\/\/von-franconia.de\/wp-content\/uploads\/2024\/10\/Juna-1-1-150x150.png 150w, https:\/\/von-franconia.de\/wp-content\/uploads\/2024\/10\/Juna-1-1-768x768.png 768w\" sizes=\"auto, (max-width: 777px) 100vw, 777px\" \/><\/figure>\n\n\n\n<hr class=\"wp-block-separator has-alpha-channel-opacity\"\/>\n\n\n\n<div class=\"wp-block-group alignfull is-layout-constrained wp-container-core-group-is-layout-eb524166 wp-block-group-is-layout-constrained\" style=\"padding-top:var(--wp--preset--spacing--40);padding-right:var(--wp--preset--spacing--30);padding-bottom:var(--wp--preset--spacing--40);padding-left:var(--wp--preset--spacing--30)\">\n<h3 class=\"wp-block-heading has-text-align-center\"><strong>Rassebeschreibung<\/strong><\/h3>\n\n\n\n<h4 class=\"wp-block-heading has-text-align-center\"><strong>Dansk Svensk Gardhund<\/strong><\/h4>\n\n\n\n<h5 class=\"wp-block-heading has-text-align-center\"><strong>oder auch Danish-Swedish Farmdog,&nbsp;D\u00e4nisch-Schwedischer Farmhund,&nbsp;Dansk-Svensk G\u00e5rdshund, DSG, Dansky, Danski, &#8230;<\/strong><\/h5>\n\n\n\n<h5 class=\"wp-block-heading has-text-align-center\">dies alles sind Bezeichnungen f\u00fcr diesen tollen 4Beiner.<\/h5>\n\n\n\n<h5 class=\"wp-block-heading has-text-align-center\">Seit September 2022 lebt Coco Diavolocane &#8211; Rufname Juna &#8211; bei uns.<\/h5>\n\n\n\n<h5 class=\"wp-block-heading has-text-align-center\">Im August 2022 haben wir per Zufall von dieser uns bisher nicht bekannten Rasse erfahren und uns sofort verliebt. Juna ist der ideale ausgeglichene Begleiter f\u00fcr uns und unsere Zwergpinscher. Sie ist verschmust, freundlich und aufgeschlossen zu Mensch und Tier.<em>&nbsp;<\/em><\/h5>\n\n\n\n<h5 class=\"wp-block-heading has-text-align-center\">Der Dansk Svensk Gardhund: Schmusebacke &amp; springlebendiger Clown &#8211; eine tolle Rassebeschreibung:<\/h5>\n\n\n\n<h5 class=\"wp-block-heading has-text-align-center\"><a href=\"https:\/\/issnruede.de\/dansk-svensk-gardhund\/\"><strong>https:\/\/issnruede.de\/dansk-svensk-gardhund\/<\/strong><\/a><\/h5>\n\n\n\n<figure class=\"wp-block-image aligncenter size-large is-resized\"><img loading=\"lazy\" decoding=\"async\" width=\"1024\" height=\"982\" src=\"https:\/\/von-franconia.de\/wp-content\/uploads\/2024\/10\/Juna-5-1-1024x982.jpg\" alt=\"\" class=\"wp-image-106\" style=\"width:186px;height:auto\" srcset=\"https:\/\/von-franconia.de\/wp-content\/uploads\/2024\/10\/Juna-5-1-1024x982.jpg 1024w, https:\/\/von-franconia.de\/wp-content\/uploads\/2024\/10\/Juna-5-1-300x288.jpg 300w, https:\/\/von-franconia.de\/wp-content\/uploads\/2024\/10\/Juna-5-1-768x737.jpg 768w, https:\/\/von-franconia.de\/wp-content\/uploads\/2024\/10\/Juna-5-1-1536x1473.jpg 1536w, https:\/\/von-franconia.de\/wp-content\/uploads\/2024\/10\/Juna-5-1.jpg 1618w\" sizes=\"auto, (max-width: 1024px) 100vw, 1024px\" \/><\/figure>\n\n\n\n<hr class=\"wp-block-separator has-alpha-channel-opacity\"\/>\n\n\n\n<h4 class=\"wp-block-heading has-text-align-center\"><strong>Danish-Swedish Farmdog<\/strong><\/h4>\n\n\n\n<h6 class=\"wp-block-heading has-text-align-center\">(Rassebezeichnung VdH)<\/h6>\n\n\n\n<h6 class=\"wp-block-heading has-text-align-center\">FCI-Gruppe 2:Pinscher und Schnauzer u. a. Rassen<br>Sektion 1.1 Pinscher Ohne Arbeitspr\u00fcfung<\/h6>\n\n\n\n<h6 class=\"wp-block-heading has-text-align-center\">Std. Nummer:356<\/h6>\n\n\n\n<h4 class=\"wp-block-heading has-text-align-center\">Widerristh\u00f6he:R\u00fcden: 34-37 cm, H\u00fcndinnen: 32-35 cm Toleranz: +\/- 2 cm&nbsp;<\/h4>\n\n\n\n<h5 class=\"wp-block-heading has-text-align-center\">Auf den ersten Blick erinnert er an einen Jack Russell Terrier. Dabei sind beide Rassen eigentlich nicht miteinander vergleichbar. Der D\u00e4nisch-Schwedische Farmhund ist kein Terrier, sondern ein Pinscher. Seine jagdliche Passion ist \u00fcberschaubar, er verweilt am liebsten bei seiner Familie.<\/h5>\n\n\n\n<h5 class=\"wp-block-heading has-text-align-center\">Pers\u00f6nlichkeit<\/h5>\n\n\n\n<h5 class=\"wp-block-heading has-text-align-center\">Ein aufgewecktes, aufmerksames und \u00fcberaus lebhaftes Wesen zeichnen den D\u00e4nisch-Schwedischen Farmhund aus. Das freundliche Nordlicht braucht engen Familienanschluss und erweist sich als sehr gesellig. Dank seiner Leichtf\u00fchrigkeit und Unkompliziertheit eignet sich der zur Familie der Pinscher geh\u00f6rende Hund auch f\u00fcr hundeunerfahrene Familien. Und das, obwohl er durchaus ein quirliger und selbstbewusster Vertreter der Hundewelt ist.<\/h5>\n\n\n\n<h5 class=\"wp-block-heading has-text-align-center\">Vorlieben, Erziehung und Pflege<\/h5>\n\n\n\n<h5 class=\"wp-block-heading has-text-align-center\">An einem Mauseloch kommt er nur schwer vorbei. Da muss der D\u00e4nisch-Schwedische Farmhund seine Nase ganz tief reinstecken und versuchen, den kleinen Nager auszubuddeln. Ansonsten h\u00e4lt sich seine jagdliche Passion in Grenzen, was die Erziehung des lernwilligen Vierbeiners zus\u00e4tzlich erleichtert. Dennoch bedarf es liebevoller Konsequenz und manchmal auch ein bisschen Geduld, um Ausbildungsziele zu erreichen. Aktivit\u00e4ten mit seinen Menschen bereiten dem fr\u00f6hlichen Farmhund Freude. Sein Haarkleid ist pflegeleicht und verbl\u00fcffend geruchsarm.<\/h5>\n\n\n\n<h5 class=\"wp-block-heading has-text-align-center\">Aussehen<\/h5>\n\n\n\n<h5 class=\"wp-block-heading has-text-align-center\">Kompakt und rechteckig gebaut, geh\u00f6rt der D\u00e4nisch-Schwedische Farmhund zu den kleinen Hunden. Er erreicht maximal eine Gr\u00f6\u00dfe von 37 Zentimetern und geh\u00f6rt zu den Sp\u00e4tentwicklern. Die mittelgro\u00dfen Ohren sind rosen- oder knopff\u00f6rmig. Der mittellange Hals ist kr\u00e4ftig und leicht gebogen. Die nicht zu hoch angesetzte Rute ist lang oder nat\u00fcrlich kurz. Sie wird mit einer kleinen Kurve oder wie eine Sichel getragen. Ein paralleles und freies Gangwerk ist rassetypisch. Das Haarkleid ist kurz und glatt, es liegt hart am K\u00f6rper an und zeigt \u00fcberwiegend die Farbe Wei\u00df mit farbigen Abzeichen in Schwarz, Braun oder Beige.<\/h5>\n\n\n\n<h5 class=\"wp-block-heading has-text-align-center\">Herkunft<\/h5>\n\n\n\n<h5 class=\"wp-block-heading has-text-align-center\">Der D\u00e4nisch-Schwedische Farmhund ist seit sehr langer Zeit auf d\u00e4nischen und schwedischen Farmen bekannt. Dort dient er traditionell als Wachhund, Rattenf\u00e4nger und Gesellschafter f\u00fcr die Familie. Die Anerkennung der Rasse erfolgte 1987 unter der Rassebezeichnung D\u00e4nisch-Schwedischer Farmhund.<\/h5>\n\n\n\n<p class=\"has-text-align-center\">Quelle Rassebeschreibung: https:\/\/welpen.vdh.de\/hunderassen\/rasselexikon\/ergebnis\/danish-swedish-farmdog<\/p>\n<\/div>\n\n\n\n<hr class=\"wp-block-separator has-alpha-channel-opacity\"\/>\n\n\n\n<p class=\"has-text-align-center\">Sie suchen einen GPS-Tracker? Wir nutzen und empfehlen TRACTIVE =&gt; Sichern Sie sich Ihren Rabatt:&nbsp;<a href=\"https:\/\/tractive.com\/r\/EefSVk\" target=\"_blank\" rel=\"noreferrer noopener\">https:\/\/tractive.com\/r\/EefSVk<\/a><\/p>\n\n\n\n<p><\/p>\n","protected":false},"excerpt":{"rendered":"<p>Herzlich willkommen auf unserer Homepage! Hier finden Sie viele Informationen \u00fcber uns und unsere Hunde. Rassebeschreibung Dansk Svensk Gardhund oder [&hellip;]<\/p>\n","protected":false},"author":1,"featured_media":0,"parent":0,"menu_order":0,"comment_status":"closed","ping_status":"closed","template":"","meta":{"site-sidebar-layout":"default","site-content-layout":"","ast-site-content-layout":"default","site-content-style":"default","site-sidebar-style":"default","ast-global-header-display":"","ast-banner-title-visibility":"","ast-main-header-display":"","ast-hfb-above-header-display":"","ast-hfb-below-header-display":"","ast-hfb-mobile-header-display":"","site-post-title":"disabled","ast-breadcrumbs-content":"","ast-featured-img":"","footer-sml-layout":"","ast-disable-related-posts":"","theme-transparent-header-meta":"","adv-header-id-meta":"","stick-header-meta":"","header-above-stick-meta":"","header-main-stick-meta":"","header-below-stick-meta":"","astra-migrate-meta-layouts":"default","ast-page-background-enabled":"default","ast-page-background-meta":{"desktop":{"background-color":"var(--ast-global-color-4)","background-image":"","background-repeat":"repeat","background-position":"center center","background-size":"auto","background-attachment":"scroll","background-type":"","background-media":"","overlay-type":"","overlay-color":"","overlay-opacity":"","overlay-gradient":""},"tablet":{"background-color":"","background-image":"","background-repeat":"repeat","background-position":"center center","background-size":"auto","background-attachment":"scroll","background-type":"","background-media":"","overlay-type":"","overlay-color":"","overlay-opacity":"","overlay-gradient":""},"mobile":{"background-color":"","background-image":"","background-repeat":"repeat","background-position":"center center","background-size":"auto","background-attachment":"scroll","background-type":"","background-media":"","overlay-type":"","overlay-color":"","overlay-opacity":"","overlay-gradient":""}},"ast-content-background-meta":{"desktop":{"background-color":"var(--ast-global-color-5)","background-image":"","background-repeat":"repeat","background-position":"center center","background-size":"auto","background-attachment":"scroll","background-type":"","background-media":"","overlay-type":"","overlay-color":"","overlay-opacity":"","overlay-gradient":""},"tablet":{"background-color":"var(--ast-global-color-5)","background-image":"","background-repeat":"repeat","background-position":"center center","background-size":"auto","background-attachment":"scroll","background-type":"","background-media":"","overlay-type":"","overlay-color":"","overlay-opacity":"","overlay-gradient":""},"mobile":{"background-color":"var(--ast-global-color-5)","background-image":"","background-repeat":"repeat","background-position":"center center","background-size":"auto","background-attachment":"scroll","background-type":"","background-media":"","overlay-type":"","overlay-color":"","overlay-opacity":"","overlay-gradient":""}},"footnotes":""},"class_list":["post-8","page","type-page","status-publish","hentry"],"_links":{"self":[{"href":"https:\/\/von-franconia.de\/index.php?rest_route=\/wp\/v2\/pages\/8","targetHints":{"allow":["GET"]}}],"collection":[{"href":"https:\/\/von-franconia.de\/index.php?rest_route=\/wp\/v2\/pages"}],"about":[{"href":"https:\/\/von-franconia.de\/index.php?rest_route=\/wp\/v2\/types\/page"}],"author":[{"embeddable":true,"href":"https:\/\/von-franconia.de\/index.php?rest_route=\/wp\/v2\/users\/1"}],"replies":[{"embeddable":true,"href":"https:\/\/von-franconia.de\/index.php?rest_route=%2Fwp%2Fv2%2Fcomments&post=8"}],"version-history":[{"count":38,"href":"https:\/\/von-franconia.de\/index.php?rest_route=\/wp\/v2\/pages\/8\/revisions"}],"predecessor-version":[{"id":405,"href":"https:\/\/von-franconia.de\/index.php?rest_route=\/wp\/v2\/pages\/8\/revisions\/405"}],"wp:attachment":[{"href":"https:\/\/von-franconia.de\/index.php?rest_route=%2Fwp%2Fv2%2Fmedia&parent=8"}],"curies":[{"name":"wp","href":"https:\/\/api.w.org\/{rel}","templated":true}]}}