{"id":63,"date":"2024-10-03T12:21:19","date_gmt":"2024-10-03T10:21:19","guid":{"rendered":"https:\/\/von-franconia.de\/?page_id=63"},"modified":"2024-10-14T17:01:15","modified_gmt":"2024-10-14T15:01:15","slug":"aufzucht-im-jagdhaus","status":"publish","type":"page","link":"https:\/\/von-franconia.de\/?page_id=63","title":{"rendered":"Aufzucht der Welpen"},"content":{"rendered":"\n<h4 class=\"wp-block-heading has-text-align-center\">Unsere Welpen wachsen\u00a0 bei uns in der Familie auf. Sie leben bei uns im Haus und ziehen, wenn es das Wetter zul\u00e4sst, ab der 4. Woche mit Mutti tags\u00fcber\u00a0in den Garten um. Damit sie m\u00f6glichst viele verschiedene Eindr\u00fccke sammeln k\u00f6nnen steht den Kleinen ein eingez\u00e4untes Wiesenst\u00fcck zur Verf\u00fcgung und sie erkunden den ganzen Garten. Hier finden sie die\u00a0verschiedensten Besch\u00e4ftigungsm\u00f6glichkeiten &#8211; sie k\u00f6nnen rennen, toben, graben und sich nach\u00a0Herzenslust austoben und am Abend gehts dann wieder hinein &#8230;<\/h4>\n\n\n\n<h4 class=\"wp-block-heading has-text-align-center\">Wenn es die Witterungsverh\u00e4ltnisse nicht zulassen, dann haben sie bei uns im Haus auch gen\u00fcgend M\u00f6glichkeiten sich auszutoben und die Sinne zu trainieren &#8211; aber auch dann finden selbstverst\u00e4ndlich &#8222;Ausfl\u00fcge&#8220; nach drau\u00dfen statt &#8230;&nbsp;und die Schmuseeinheiten mit uns kommen &#8211; egal wo &#8211; nat\u00fcrlich auch nicht zu kurz!<\/h4>\n\n\n\n<h4 class=\"wp-block-heading has-text-align-center\">Am meisten Spa\u00df haben aber alle, wenn sie unser weitl\u00e4ufiges Grundst\u00fcck erkunden k\u00f6nnen &#8230; mit Mutti, mit dem Rest vom Rudel und nat\u00fcrlich mit uns &#8230;<\/h4>\n\n\n\n<h4 class=\"wp-block-heading has-text-align-center\">Die Kleinen werden an sehr viele verschiedene akustische Reize gew\u00f6hnt und bekommen auch gen\u00fcgend M\u00f6glichkeiten ihre anderen Sinne zu trainieren &#8211; sie also werden so gut wie m\u00f6glich auf das Leben in der neuen Welt &#8211; bei ihren neuen Besitzern &#8211; vorbereitet.&nbsp;<\/h4>\n\n\n\n<h4 class=\"wp-block-heading has-text-align-center\"><strong>Sie bekommen, wie die Mutterh\u00fcndin auch<\/strong><strong>, frische und&nbsp;<\/strong><strong>abwechslungsreiche Nahrung<\/strong><strong> &#8211; <\/strong><strong>wir w\u00fcrden es nat\u00fcrlich sehr begr\u00fc\u00dfen, wenn die Besitzer unserer Welpen diese Ern\u00e4hrungsform beibehalten um so die bestm\u00f6glichsten Voraussetzungen zu schaffen, den Hund bis ins Alter gesund zu erhalten. Viele unserer Welpenbesitzer haben dies bereits getan und noch nie bereut! Ausf\u00fchrliche Informationen dar\u00fcber geben wir selbstverst\u00e4ndlich mit.<\/strong><\/h4>\n\n\n\n<h4 class=\"wp-block-heading has-text-align-center\">Die\u00a0 Welpen verlassen uns gechipt, geimpft und\u00a0entwurmt nach der Wurfabnahme durch den Tierarzt \/ Zuchtwart ab dem Alter von 9 Wochen.\u00a0<\/h4>\n\n\n\n<h4 class=\"wp-block-heading has-text-align-center\"><strong>Selbstverst\u00e4ndlich stehen wir Welpenbesitzern bei Fragen rund um die Erziehung, Ausbildung und Ern\u00e4hrung jederzeit mit Rat und Tat zur Seite &#8230; und das ein &#8211; hoffentlich langes &#8211; Hundeleben lang &#8230;<\/strong><\/h4>\n\n\n\n<h4 class=\"wp-block-heading has-text-align-center\"><strong>Sehr viele Fotos und Eindr\u00fccke finden Sie <a href=\"https:\/\/www.facebook.com\/silke.reis.3\/photos_by\" data-type=\"link\" data-id=\"https:\/\/www.facebook.com\/silke.reis.3\/photos_by\" target=\"_blank\" rel=\"noreferrer noopener\">hier<\/a><\/strong> bei Facebook.<\/h4>\n\n\n\n<h4 class=\"wp-block-heading has-text-align-center\">Weitere Impressionen werde ich in der n\u00e4chsten Zeit noch hochladen &#8230;<\/h4>\n\n\n\n<figure class=\"wp-block-image size-large\"><img loading=\"lazy\" decoding=\"async\" width=\"1024\" height=\"498\" src=\"https:\/\/von-franconia.de\/wp-content\/uploads\/2024\/10\/278731140_1983220791863167_934142391608143068_n-1-1024x498.jpg\" alt=\"\" class=\"wp-image-283\" srcset=\"https:\/\/von-franconia.de\/wp-content\/uploads\/2024\/10\/278731140_1983220791863167_934142391608143068_n-1-1024x498.jpg 1024w, https:\/\/von-franconia.de\/wp-content\/uploads\/2024\/10\/278731140_1983220791863167_934142391608143068_n-1-300x146.jpg 300w, https:\/\/von-franconia.de\/wp-content\/uploads\/2024\/10\/278731140_1983220791863167_934142391608143068_n-1-768x373.jpg 768w, https:\/\/von-franconia.de\/wp-content\/uploads\/2024\/10\/278731140_1983220791863167_934142391608143068_n-1.jpg 1316w\" sizes=\"auto, (max-width: 1024px) 100vw, 1024px\" \/><\/figure>\n\n\n\n<p>&#8230; bei jedem Wetter gesch\u00fctzt &#8230;<\/p>\n\n\n\n<h2 class=\"wp-block-heading has-text-align-center\">Ern\u00e4hrung<\/h2>\n\n\n\n<h4 class=\"wp-block-heading has-text-align-center\">Bei der Ern\u00e4hrung unserer Hunde und auch der Welpen setzen wir auf m\u00f6glichst frische abwechslungsreiche Nahrung.<\/h4>\n\n\n\n<h4 class=\"wp-block-heading has-text-align-center\">Sie bekommen sowohl rohes Fleisch, frisches Gem\u00fcse, Quark, Frischk\u00e4se, \u2026 ebenso aber auch mal ein Dosenfutter und ein hochwertiges, kaltgepresstes Trockenfutter. Mit dieser Art der F\u00fctterung haben wir bisher sehr gute Erfahrungen gemacht und unsere Hunde kennen den Tierarzt eigentlich nur von den notwendigen Impfterminen \u2026<\/h4>\n\n\n\n<h4 class=\"wp-block-heading has-text-align-center\">Um das Risiko, dass ein Welpe eine Allergie entwickelt zu vermindern achten wir aber bei der Zuf\u00fctterung darauf, dass nicht zu viele neue Komponennten auf einmal gef\u00fcttert werden, sondern immer nach und nach \u2013 vgl.<a href=\"https:\/\/www.drei-hunde-nacht.de\/wp-content\/uploads\/2017\/03\/welpenbarfseite22.pdfads\/2017\/03\/welpenbarfseite22.pdf\" target=\"_blank\" rel=\"noreferrer noopener\"> \u201eOrale Toleranz\u201c<\/a><\/h4>\n\n\n\n<h4 class=\"wp-block-heading has-text-align-center\">Sehr informativ und auch ein wenig am\u00fcsant sind zum Thema Ern\u00e4hrung die Auf\u00fchrungen von Tierarzt Ralph R\u00fcckert, der zu diesem Thema als auch zu sehr vielen anderen eine etwas andere Meinung als mancher seiner Kollegen hat. Er nennt es das <a href=\"https:\/\/www.tierarzt-rueckert.de\/blog\/details.php?Kunde=1489&amp;Modul=3&amp;ID=19301unde=1489&amp;Modul=3&amp;ID=19301\" target=\"_blank\" rel=\"noreferrer noopener\">ABAM-Konzept<\/a>.<\/h4>\n\n\n\n<h4 class=\"wp-block-heading has-text-align-center\">Bei Fragen rund um die F\u00fctterung helfen wir mit unseren Erfahrungen gerne weiter!&nbsp;<\/h4>\n\n\n\n<p><\/p>\n","protected":false},"excerpt":{"rendered":"<p>Unsere Welpen wachsen\u00a0 bei uns in der Familie auf. Sie leben bei uns im Haus und ziehen, wenn es das [&hellip;]<\/p>\n","protected":false},"author":1,"featured_media":0,"parent":0,"menu_order":7,"comment_status":"closed","ping_status":"closed","template":"","meta":{"site-sidebar-layout":"default","site-content-layout":"","ast-site-content-layout":"default","site-content-style":"default","site-sidebar-style":"default","ast-global-header-display":"","ast-banner-title-visibility":"","ast-main-header-display":"","ast-hfb-above-header-display":"","ast-hfb-below-header-display":"","ast-hfb-mobile-header-display":"","site-post-title":"","ast-breadcrumbs-content":"","ast-featured-img":"","footer-sml-layout":"","ast-disable-related-posts":"","theme-transparent-header-meta":"","adv-header-id-meta":"","stick-header-meta":"","header-above-stick-meta":"","header-main-stick-meta":"","header-below-stick-meta":"","astra-migrate-meta-layouts":"default","ast-page-background-enabled":"default","ast-page-background-meta":{"desktop":{"background-color":"var(--ast-global-color-4)","background-image":"","background-repeat":"repeat","background-position":"center center","background-size":"auto","background-attachment":"scroll","background-type":"","background-media":"","overlay-type":"","overlay-color":"","overlay-opacity":"","overlay-gradient":""},"tablet":{"background-color":"","background-image":"","background-repeat":"repeat","background-position":"center center","background-size":"auto","background-attachment":"scroll","background-type":"","background-media":"","overlay-type":"","overlay-color":"","overlay-opacity":"","overlay-gradient":""},"mobile":{"background-color":"","background-image":"","background-repeat":"repeat","background-position":"center center","background-size":"auto","background-attachment":"scroll","background-type":"","background-media":"","overlay-type":"","overlay-color":"","overlay-opacity":"","overlay-gradient":""}},"ast-content-background-meta":{"desktop":{"background-color":"var(--ast-global-color-5)","background-image":"","background-repeat":"repeat","background-position":"center center","background-size":"auto","background-attachment":"scroll","background-type":"","background-media":"","overlay-type":"","overlay-color":"","overlay-opacity":"","overlay-gradient":""},"tablet":{"background-color":"var(--ast-global-color-5)","background-image":"","background-repeat":"repeat","background-position":"center center","background-size":"auto","background-attachment":"scroll","background-type":"","background-media":"","overlay-type":"","overlay-color":"","overlay-opacity":"","overlay-gradient":""},"mobile":{"background-color":"var(--ast-global-color-5)","background-image":"","background-repeat":"repeat","background-position":"center center","background-size":"auto","background-attachment":"scroll","background-type":"","background-media":"","overlay-type":"","overlay-color":"","overlay-opacity":"","overlay-gradient":""}},"footnotes":""},"class_list":["post-63","page","type-page","status-publish","hentry"],"_links":{"self":[{"href":"https:\/\/von-franconia.de\/index.php?rest_route=\/wp\/v2\/pages\/63","targetHints":{"allow":["GET"]}}],"collection":[{"href":"https:\/\/von-franconia.de\/index.php?rest_route=\/wp\/v2\/pages"}],"about":[{"href":"https:\/\/von-franconia.de\/index.php?rest_route=\/wp\/v2\/types\/page"}],"author":[{"embeddable":true,"href":"https:\/\/von-franconia.de\/index.php?rest_route=\/wp\/v2\/users\/1"}],"replies":[{"embeddable":true,"href":"https:\/\/von-franconia.de\/index.php?rest_route=%2Fwp%2Fv2%2Fcomments&post=63"}],"version-history":[{"count":10,"href":"https:\/\/von-franconia.de\/index.php?rest_route=\/wp\/v2\/pages\/63\/revisions"}],"predecessor-version":[{"id":294,"href":"https:\/\/von-franconia.de\/index.php?rest_route=\/wp\/v2\/pages\/63\/revisions\/294"}],"wp:attachment":[{"href":"https:\/\/von-franconia.de\/index.php?rest_route=%2Fwp%2Fv2%2Fmedia&parent=63"}],"curies":[{"name":"wp","href":"https:\/\/api.w.org\/{rel}","templated":true}]}}