{"id":60,"date":"2024-10-03T12:20:58","date_gmt":"2024-10-03T10:20:58","guid":{"rendered":"https:\/\/von-franconia.de\/?page_id=60"},"modified":"2026-03-26T20:31:48","modified_gmt":"2026-03-26T19:31:48","slug":"wichtige-infos-fuer-welpeninteressenten","status":"publish","type":"page","link":"https:\/\/von-franconia.de\/?page_id=60","title":{"rendered":"Wurfplanung und wichtige Informationen"},"content":{"rendered":"\n<figure class=\"wp-block-gallery has-nested-images columns-default is-cropped wp-block-gallery-1 is-layout-flex wp-block-gallery-is-layout-flex\">\n<figure class=\"wp-block-image size-large is-style-default\"><img loading=\"lazy\" decoding=\"async\" width=\"1024\" height=\"683\" data-id=\"410\" src=\"https:\/\/von-franconia.de\/wp-content\/uploads\/2026\/03\/ChatGPT-Image-7.-Jan.-2026-16_44_35-1-1024x683.png\" alt=\"\" class=\"wp-image-410\" srcset=\"https:\/\/von-franconia.de\/wp-content\/uploads\/2026\/03\/ChatGPT-Image-7.-Jan.-2026-16_44_35-1-1024x683.png 1024w, https:\/\/von-franconia.de\/wp-content\/uploads\/2026\/03\/ChatGPT-Image-7.-Jan.-2026-16_44_35-1-300x200.png 300w, https:\/\/von-franconia.de\/wp-content\/uploads\/2026\/03\/ChatGPT-Image-7.-Jan.-2026-16_44_35-1-768x512.png 768w, https:\/\/von-franconia.de\/wp-content\/uploads\/2026\/03\/ChatGPT-Image-7.-Jan.-2026-16_44_35-1.png 1536w\" sizes=\"auto, (max-width: 1024px) 100vw, 1024px\" \/><figcaption class=\"wp-element-caption\">A-Wurf von Franconia<\/figcaption><\/figure>\n<\/figure>\n\n\n\n<h5 class=\"wp-block-heading has-text-align-center\">Wir planen Welpen f\u00fcr Anfang \/ Mitte Juni 2026.<\/h5>\n\n\n\n<p class=\"has-text-align-center\">Abgabe der Welpen w\u00e4re dann Anfang \/ Mitte August.<\/p>\n\n\n\n<p class=\"has-text-align-center\">Weitere Infos finden Sie demn\u00e4chst hier.<\/p>\n\n\n\n<h6 class=\"wp-block-heading has-text-align-center\">Wir nehmen noch Interessenten auf unsere Warteliste und freuen uns bei Interesse an einem Welpen auf Ihren Anruf.<\/h6>\n\n\n\n<hr class=\"wp-block-separator has-alpha-channel-opacity\"\/>\n\n\n\n<h5 class=\"wp-block-heading has-text-align-center\">Sch\u00f6n dass Sie sich f\u00fcr einen Welpen aus unserer Zucht interessieren!<\/h5>\n\n\n\n<h6 class=\"wp-block-heading has-text-align-center\">Wir freuen wir uns \u00fcber eine fr\u00fchzeitige telefonische Kontaktaufnahme und beantworten Ihnen gerne Ihre Fragen. Durch einem Besuch lernen Sie Juna, uns und die Aufzuchtbedingungen im Jagdhaus kennen. Sie und wir k\u00f6nnen danach besser beurteilen, ob ein Dansky und speziell einer unserer&nbsp;&#8222;Zwerge&#8220; zu Ihnen passt.<\/h6>\n\n\n\n<h6 class=\"wp-block-heading has-text-align-center\">Wir legen auf dieses Kennenlernen gro\u00dfen Wert, denn wir suchen &#8222;besondere&#8220; Menschen f\u00fcr&nbsp;unsere Hunde und auf beiden Seiten muss die Chemie stimmen, denn wir stehen immer gerne in Kontakt mit &#8222;unseren Babys&#8220;!<\/h6>\n\n\n\n<h6 class=\"wp-block-heading has-text-align-center\">&#8222;Knuddeltermine&#8220; mit den Kleinen sind ab der 6. Lebenswoche m\u00f6glich. Abgabe der Welpen erfolgt ab der 9. Woche. Die Kleinen sind selbstverst\u00e4ndlich tier\u00e4rztlich untersucht, entwurmt, gechipt, geimpft, ein DNA-Profil wurde erstellt und der Tierarzt \/ Zuchtwart hat sich vom optimalen Zustand der Mutterh\u00fcndin und der Welpen vergewissert.<\/h6>\n\n\n\n<h6 class=\"wp-block-heading has-text-align-center\">Wir suchen f\u00fcr unsere Welpen verantwortungsbewusste Menschen, die sich mit den Eigenschaften der Rasse besch\u00e4ftigt haben, wissen was auf sie zukommt&nbsp;und gerne die Zeit aufbringen, welche man f\u00fcr einen aktiven und temperamentvollen Hund braucht um ihn artgerecht auszulasten.<\/h6>\n\n\n\n<h6 class=\"wp-block-heading has-text-align-center\">Unseren Welpen-K\u00e4ufern stehen wir ein &#8211; hoffentlich langes &#8211; Hundeleben mit Rat und Tat zur Seite und freuen uns immer sehr, wenn wir &#8222;unsere Babys&#8220; bei den &#8222;Welpen-Treffen&#8220; wiedersehen!<\/h6>\n\n\n\n<h6 class=\"wp-block-heading has-text-align-center\">Die Eltern der Welpen haben die Gesundheitsuntersuchungen \/ Gen-Tests. Durch diese und eine liebevolle F\u00f6rderung in der Aufzucht, bieten wir ideale Grundlagen f\u00fcr gesunde und selbstsichere Welpen.&nbsp;<\/h6>\n\n\n\n<h6 class=\"wp-block-heading has-text-align-center\">Wir legen mit der Auswahl der Elterntiere und der Aufzucht ein stabiles &#8222;Fundament&#8220; &#8230; das &#8222;Haus&#8220; jedoch muss der neue Besitzer bauen &#8230;&nbsp;<\/h6>\n\n\n\n<h6 class=\"wp-block-heading has-text-align-center\">Ich hoffe durch diese Infos konnten bereits viele Fragen beantwortet werden &#8230; prima &#8211; weiteres gerne pers\u00f6nlich!&nbsp; \ud83d\ude42<\/h6>\n\n\n\n<h6 class=\"wp-block-heading has-text-align-center\">Beim Auszug ist der Welpe tier\u00e4rztlich untersucht, entwurmt, geimpft, gechipt, ein DNA-Profil wurde angelegt und er bekommt eine Abstammungsurkunde und <a href=\"https:\/\/cdk-ausstellungen.de\/home-1\/\" target=\"_blank\" rel=\"noreferrer noopener\">Ahnentafel.<\/a><\/h6>\n\n\n\n<h6 class=\"wp-block-heading has-text-align-center\">Au\u00dferdem packen wir in seinen Koffer noch sein gewohntes Futter f\u00fcr die ersten 4 Wochen, Knabbersachen, Leckerli, Geschirr&nbsp; und Leine sowie Lieblingsspielzeug. Also alles was er f\u00fcr einen guten Start in seinem neuen Zuhause braucht!<\/h6>\n\n\n\n<h6 class=\"wp-block-heading has-text-align-center\">Komplett mit Ahnentafel etc. umfangreichem Zubeh\u00f6r betr\u00e4gt der Preis f\u00fcr einen&nbsp;Dansky-Welpen 2500 Euro.<\/h6>\n\n\n\n<hr class=\"wp-block-separator has-alpha-channel-opacity\"\/>\n\n\n\n<h6 class=\"wp-block-heading has-text-align-center\">Sehr informativ und empfehlenswert ist die Seite <a href=\"https:\/\/www.zuechter.info\/zuechter-tipps.html\" target=\"_blank\" rel=\"noreferrer noopener\">&#8222;Z\u00fcchter-Info&#8220;<\/a><\/h6>\n\n\n\n<h6 class=\"wp-block-heading has-text-align-center\"><strong>St\u00f6bern Sie mal auf dieser Seite zu sehr vielen interessanten und wichtigen Themen &#8230; unter anderem:<\/strong><\/h6>\n\n\n\n<h6 class=\"wp-block-heading has-text-align-center\"><a href=\"https:\/\/www.zuechter.info\/tiere-stammbaum.html\" target=\"_blank\" rel=\"noreferrer noopener\">Warum braucht mein Hund Papiere? Ich will doch gar nicht z\u00fcchten? Was ist ein Stammbaum? =&gt; klick<\/a><\/h6>\n\n\n\n<h6 class=\"wp-block-heading has-text-align-center\">&nbsp;<a href=\"http:\/\/www.zuechter.info\/checkliste-zuechtersuche.html\" target=\"_blank\" rel=\"noreferrer noopener\">Hilfreiche Checkliste zur Z\u00fcchtersuche =&gt; klick<\/a><\/h6>\n\n\n\n<h6 class=\"wp-block-heading has-text-align-center\"><strong><a href=\"http:\/\/www.zuechter.info\/tierkauf.html\" target=\"_blank\" rel=\"noreferrer noopener\">W\u00fcnsche an den K\u00e4ufer auf die wir Wert legen (bitte vor allem auch das &#8222;Out&#8220; lesen, denn solche Anfragen kommen leider immer wieder &#8211; Danke!) =&gt; k<\/a><a href=\"https:\/\/www.zuechter.info\/tierkauf.html\" target=\"_blank\" rel=\"noreferrer noopener\">lick<\/a><\/strong><\/h6>\n\n\n\n<p><\/p>\n","protected":false},"excerpt":{"rendered":"<p>Wir planen Welpen f\u00fcr Anfang \/ Mitte Juni 2026. Abgabe der Welpen w\u00e4re dann Anfang \/ Mitte August. Weitere Infos [&hellip;]<\/p>\n","protected":false},"author":1,"featured_media":0,"parent":0,"menu_order":6,"comment_status":"closed","ping_status":"closed","template":"","meta":{"site-sidebar-layout":"default","site-content-layout":"","ast-site-content-layout":"default","site-content-style":"default","site-sidebar-style":"default","ast-global-header-display":"","ast-banner-title-visibility":"","ast-main-header-display":"","ast-hfb-above-header-display":"","ast-hfb-below-header-display":"","ast-hfb-mobile-header-display":"","site-post-title":"","ast-breadcrumbs-content":"","ast-featured-img":"","footer-sml-layout":"","ast-disable-related-posts":"","theme-transparent-header-meta":"","adv-header-id-meta":"","stick-header-meta":"","header-above-stick-meta":"","header-main-stick-meta":"","header-below-stick-meta":"","astra-migrate-meta-layouts":"default","ast-page-background-enabled":"default","ast-page-background-meta":{"desktop":{"background-color":"var(--ast-global-color-4)","background-image":"","background-repeat":"repeat","background-position":"center center","background-size":"auto","background-attachment":"scroll","background-type":"","background-media":"","overlay-type":"","overlay-color":"","overlay-opacity":"","overlay-gradient":""},"tablet":{"background-color":"","background-image":"","background-repeat":"repeat","background-position":"center center","background-size":"auto","background-attachment":"scroll","background-type":"","background-media":"","overlay-type":"","overlay-color":"","overlay-opacity":"","overlay-gradient":""},"mobile":{"background-color":"","background-image":"","background-repeat":"repeat","background-position":"center center","background-size":"auto","background-attachment":"scroll","background-type":"","background-media":"","overlay-type":"","overlay-color":"","overlay-opacity":"","overlay-gradient":""}},"ast-content-background-meta":{"desktop":{"background-color":"var(--ast-global-color-5)","background-image":"","background-repeat":"repeat","background-position":"center center","background-size":"auto","background-attachment":"scroll","background-type":"","background-media":"","overlay-type":"","overlay-color":"","overlay-opacity":"","overlay-gradient":""},"tablet":{"background-color":"var(--ast-global-color-5)","background-image":"","background-repeat":"repeat","background-position":"center center","background-size":"auto","background-attachment":"scroll","background-type":"","background-media":"","overlay-type":"","overlay-color":"","overlay-opacity":"","overlay-gradient":""},"mobile":{"background-color":"var(--ast-global-color-5)","background-image":"","background-repeat":"repeat","background-position":"center center","background-size":"auto","background-attachment":"scroll","background-type":"","background-media":"","overlay-type":"","overlay-color":"","overlay-opacity":"","overlay-gradient":""}},"footnotes":""},"class_list":["post-60","page","type-page","status-publish","hentry"],"_links":{"self":[{"href":"https:\/\/von-franconia.de\/index.php?rest_route=\/wp\/v2\/pages\/60","targetHints":{"allow":["GET"]}}],"collection":[{"href":"https:\/\/von-franconia.de\/index.php?rest_route=\/wp\/v2\/pages"}],"about":[{"href":"https:\/\/von-franconia.de\/index.php?rest_route=\/wp\/v2\/types\/page"}],"author":[{"embeddable":true,"href":"https:\/\/von-franconia.de\/index.php?rest_route=\/wp\/v2\/users\/1"}],"replies":[{"embeddable":true,"href":"https:\/\/von-franconia.de\/index.php?rest_route=%2Fwp%2Fv2%2Fcomments&post=60"}],"version-history":[{"count":29,"href":"https:\/\/von-franconia.de\/index.php?rest_route=\/wp\/v2\/pages\/60\/revisions"}],"predecessor-version":[{"id":413,"href":"https:\/\/von-franconia.de\/index.php?rest_route=\/wp\/v2\/pages\/60\/revisions\/413"}],"wp:attachment":[{"href":"https:\/\/von-franconia.de\/index.php?rest_route=%2Fwp%2Fv2%2Fmedia&parent=60"}],"curies":[{"name":"wp","href":"https:\/\/api.w.org\/{rel}","templated":true}]}}