{"id":41,"date":"2024-10-03T12:20:00","date_gmt":"2024-10-03T10:20:00","guid":{"rendered":"https:\/\/von-franconia.de\/?page_id=41"},"modified":"2026-03-19T00:17:06","modified_gmt":"2026-03-18T23:17:06","slug":"juna-coco-diavolocane","status":"publish","type":"page","link":"https:\/\/von-franconia.de\/?page_id=41","title":{"rendered":"&#8222;Juna&#8220; Coco Diavolocane"},"content":{"rendered":"\n<div class=\"wp-block-columns is-layout-flex wp-container-core-columns-is-layout-28f84493 wp-block-columns-is-layout-flex\">\n<div class=\"wp-block-column is-layout-flow wp-block-column-is-layout-flow\" style=\"flex-basis:100%\">\n<figure class=\"wp-block-image aligncenter size-full is-resized\"><img loading=\"lazy\" decoding=\"async\" width=\"1004\" height=\"696\" src=\"https:\/\/von-franconia.de\/wp-content\/uploads\/2024\/10\/Juna-4-1.png\" alt=\"\" class=\"wp-image-78\" style=\"width:362px;height:auto\" srcset=\"https:\/\/von-franconia.de\/wp-content\/uploads\/2024\/10\/Juna-4-1.png 1004w, https:\/\/von-franconia.de\/wp-content\/uploads\/2024\/10\/Juna-4-1-300x208.png 300w, https:\/\/von-franconia.de\/wp-content\/uploads\/2024\/10\/Juna-4-1-768x532.png 768w\" sizes=\"auto, (max-width: 1004px) 100vw, 1004px\" \/><\/figure>\n<\/div>\n<\/div>\n\n\n\n<h4 class=\"wp-block-heading has-text-align-center\"><strong>Coco Diavolocane<\/strong><\/h4>\n\n\n\n<h5 class=\"wp-block-heading has-text-align-center\">(DOBGUN\u2018S LADY LIVINIA &amp; DOBGUN\u2018S NORDANE NILO)&nbsp;<\/h5>\n\n\n\n<h5 class=\"wp-block-heading has-text-align-center\"><strong>Rufname Juna<\/strong><\/h5>\n\n\n\n<h5 class=\"wp-block-heading has-text-align-center\"><strong>geboren am 06.06.2022<\/strong><\/h5>\n\n\n\n<h5 class=\"wp-block-heading has-text-align-center\">Patella 0\/0 (=&gt; beidseitig keine Patella-Luxation)<\/h5>\n\n\n\n<h5 class=\"wp-block-heading has-text-align-center\">sie ist vollzahnig<\/h5>\n\n\n\n<h5 class=\"wp-block-heading has-text-align-center\">Feragen Gentest (DogCheck 4.0) wurde durchgef\u00fchrt:<\/h5>\n\n\n\n<h5 class=\"wp-block-heading has-text-align-center\">Juna ist weder Merkmalstr\u00e4ger noch Anlagetr\u00e4ger f\u00fcr die rassetypischen und auch nicht f\u00fcr sehr viele weitere Erkrankungen und genetischen Eigenschaften.&nbsp;<\/h5>\n\n\n\n<h5 class=\"wp-block-heading has-text-align-center\">Bei der Zuchttauglichkeitspr\u00fcfung erhielt sie eine hervorragende Beurteilung und ist uneingeschr\u00e4nkt zur Zucht zugelassen.<\/h5>\n\n\n\n<h5 class=\"wp-block-heading has-text-align-center\">Sie wurde erfolgreich ausgestellt und erhielt die Bestnote &#8222;V&#8220;. <\/h5>\n\n\n\n<h5 class=\"wp-block-heading has-text-align-center\">Unsere Juna ist ein kleiner &#8222;Sonnenschein&#8220; \ud83d\ude42<\/h5>\n\n\n\n<h5 class=\"wp-block-heading has-text-align-center\">Sie ist sehr verschmust und menschenbezogen &#8211; liebt jeden Mensch, ob klein oder gro\u00df.<\/h5>\n\n\n\n<h5 class=\"wp-block-heading has-text-align-center\">Auch gegen\u00fcber Artgenossen ist sie sehr aufgeschlossen und Aggressionen sind ihr eigentlich fremd.<\/h5>\n\n\n\n<h5 class=\"wp-block-heading has-text-align-center\">Sie ist eine vom K\u00f6rperbau her kr\u00e4ftige und knochenstarke H\u00fcndin an der oberen Gr\u00f6\u00dfengrenze.&nbsp;<\/h5>\n\n\n\n<h5 class=\"wp-block-heading has-text-align-center\">Alles in allem ein Dansky wie wir ihn uns w\u00fcnschen!<\/h5>\n\n\n\n<figure class=\"wp-block-image aligncenter size-full\"><img loading=\"lazy\" decoding=\"async\" width=\"400\" height=\"266\" src=\"https:\/\/von-franconia.de\/wp-content\/uploads\/2026\/03\/Juna.png\" alt=\"\" class=\"wp-image-408\" srcset=\"https:\/\/von-franconia.de\/wp-content\/uploads\/2026\/03\/Juna.png 400w, https:\/\/von-franconia.de\/wp-content\/uploads\/2026\/03\/Juna-300x200.png 300w\" sizes=\"auto, (max-width: 400px) 100vw, 400px\" \/><\/figure>\n\n\n\n<figure class=\"wp-block-gallery has-nested-images columns-default is-cropped wp-block-gallery-1 is-layout-flex wp-block-gallery-is-layout-flex\">\n<figure class=\"wp-block-image aligncenter size-large\"><img loading=\"lazy\" decoding=\"async\" width=\"777\" height=\"777\" data-id=\"43\" src=\"https:\/\/von-franconia.de\/wp-content\/uploads\/2024\/10\/Juna-1.png\" alt=\"\" class=\"wp-image-43\" srcset=\"https:\/\/von-franconia.de\/wp-content\/uploads\/2024\/10\/Juna-1.png 777w, https:\/\/von-franconia.de\/wp-content\/uploads\/2024\/10\/Juna-1-300x300.png 300w, https:\/\/von-franconia.de\/wp-content\/uploads\/2024\/10\/Juna-1-150x150.png 150w, https:\/\/von-franconia.de\/wp-content\/uploads\/2024\/10\/Juna-1-768x768.png 768w\" sizes=\"auto, (max-width: 777px) 100vw, 777px\" \/><\/figure>\n\n\n\n<figure class=\"wp-block-image size-large\"><img loading=\"lazy\" decoding=\"async\" width=\"606\" height=\"1024\" data-id=\"47\" src=\"https:\/\/von-franconia.de\/wp-content\/uploads\/2024\/10\/Juna-2-606x1024.png\" alt=\"\" class=\"wp-image-47\" srcset=\"https:\/\/von-franconia.de\/wp-content\/uploads\/2024\/10\/Juna-2-606x1024.png 606w, https:\/\/von-franconia.de\/wp-content\/uploads\/2024\/10\/Juna-2-178x300.png 178w, https:\/\/von-franconia.de\/wp-content\/uploads\/2024\/10\/Juna-2.png 710w\" sizes=\"auto, (max-width: 606px) 100vw, 606px\" \/><\/figure>\n\n\n\n<figure class=\"wp-block-image size-large\"><img loading=\"lazy\" decoding=\"async\" width=\"592\" height=\"1024\" data-id=\"53\" src=\"https:\/\/von-franconia.de\/wp-content\/uploads\/2024\/10\/Juna-3-592x1024.jpg\" alt=\"\" class=\"wp-image-53\" srcset=\"https:\/\/von-franconia.de\/wp-content\/uploads\/2024\/10\/Juna-3-592x1024.jpg 592w, https:\/\/von-franconia.de\/wp-content\/uploads\/2024\/10\/Juna-3-173x300.jpg 173w, https:\/\/von-franconia.de\/wp-content\/uploads\/2024\/10\/Juna-3-768x1328.jpg 768w, https:\/\/von-franconia.de\/wp-content\/uploads\/2024\/10\/Juna-3-888x1536.jpg 888w, https:\/\/von-franconia.de\/wp-content\/uploads\/2024\/10\/Juna-3-1184x2048.jpg 1184w, https:\/\/von-franconia.de\/wp-content\/uploads\/2024\/10\/Juna-3-scaled.jpg 1480w\" sizes=\"auto, (max-width: 592px) 100vw, 592px\" \/><\/figure>\n\n\n\n<figure class=\"wp-block-image size-large\"><img loading=\"lazy\" decoding=\"async\" width=\"1024\" height=\"982\" data-id=\"51\" src=\"https:\/\/von-franconia.de\/wp-content\/uploads\/2024\/10\/Juna-5-1024x982.jpg\" alt=\"\" class=\"wp-image-51\" srcset=\"https:\/\/von-franconia.de\/wp-content\/uploads\/2024\/10\/Juna-5-1024x982.jpg 1024w, https:\/\/von-franconia.de\/wp-content\/uploads\/2024\/10\/Juna-5-300x288.jpg 300w, https:\/\/von-franconia.de\/wp-content\/uploads\/2024\/10\/Juna-5-768x737.jpg 768w, https:\/\/von-franconia.de\/wp-content\/uploads\/2024\/10\/Juna-5-1536x1473.jpg 1536w, https:\/\/von-franconia.de\/wp-content\/uploads\/2024\/10\/Juna-5.jpg 1618w\" sizes=\"auto, (max-width: 1024px) 100vw, 1024px\" \/><\/figure>\n\n\n\n<figure class=\"wp-block-image size-large\"><img loading=\"lazy\" decoding=\"async\" width=\"662\" height=\"820\" data-id=\"46\" src=\"https:\/\/von-franconia.de\/wp-content\/uploads\/2024\/10\/Juna-6-1.png\" alt=\"\" class=\"wp-image-46\" srcset=\"https:\/\/von-franconia.de\/wp-content\/uploads\/2024\/10\/Juna-6-1.png 662w, https:\/\/von-franconia.de\/wp-content\/uploads\/2024\/10\/Juna-6-1-242x300.png 242w\" sizes=\"auto, (max-width: 662px) 100vw, 662px\" \/><\/figure>\n\n\n\n<figure class=\"wp-block-image size-large\"><img loading=\"lazy\" decoding=\"async\" width=\"969\" height=\"946\" data-id=\"45\" src=\"https:\/\/von-franconia.de\/wp-content\/uploads\/2024\/10\/Juna-7.png\" alt=\"\" class=\"wp-image-45\" srcset=\"https:\/\/von-franconia.de\/wp-content\/uploads\/2024\/10\/Juna-7.png 969w, https:\/\/von-franconia.de\/wp-content\/uploads\/2024\/10\/Juna-7-300x293.png 300w, https:\/\/von-franconia.de\/wp-content\/uploads\/2024\/10\/Juna-7-768x750.png 768w\" sizes=\"auto, (max-width: 969px) 100vw, 969px\" \/><\/figure>\n\n\n\n<figure class=\"wp-block-image size-large\"><img loading=\"lazy\" decoding=\"async\" width=\"1024\" height=\"1024\" data-id=\"52\" src=\"https:\/\/von-franconia.de\/wp-content\/uploads\/2024\/10\/Juna-8-1024x1024.jpg\" alt=\"\" class=\"wp-image-52\" srcset=\"https:\/\/von-franconia.de\/wp-content\/uploads\/2024\/10\/Juna-8-1024x1024.jpg 1024w, https:\/\/von-franconia.de\/wp-content\/uploads\/2024\/10\/Juna-8-300x300.jpg 300w, https:\/\/von-franconia.de\/wp-content\/uploads\/2024\/10\/Juna-8-150x150.jpg 150w, https:\/\/von-franconia.de\/wp-content\/uploads\/2024\/10\/Juna-8-768x768.jpg 768w, https:\/\/von-franconia.de\/wp-content\/uploads\/2024\/10\/Juna-8-1536x1536.jpg 1536w, https:\/\/von-franconia.de\/wp-content\/uploads\/2024\/10\/Juna-8.jpg 1558w\" sizes=\"auto, (max-width: 1024px) 100vw, 1024px\" \/><\/figure>\n\n\n\n<figure class=\"wp-block-image size-large\"><img loading=\"lazy\" decoding=\"async\" width=\"1024\" height=\"768\" data-id=\"48\" src=\"https:\/\/von-franconia.de\/wp-content\/uploads\/2024\/10\/Juna-9-1024x768.jpg\" alt=\"\" class=\"wp-image-48\" srcset=\"https:\/\/von-franconia.de\/wp-content\/uploads\/2024\/10\/Juna-9-1024x768.jpg 1024w, https:\/\/von-franconia.de\/wp-content\/uploads\/2024\/10\/Juna-9-300x225.jpg 300w, https:\/\/von-franconia.de\/wp-content\/uploads\/2024\/10\/Juna-9-768x576.jpg 768w, https:\/\/von-franconia.de\/wp-content\/uploads\/2024\/10\/Juna-9-1536x1152.jpg 1536w, https:\/\/von-franconia.de\/wp-content\/uploads\/2024\/10\/Juna-9.jpg 2048w\" sizes=\"auto, (max-width: 1024px) 100vw, 1024px\" \/><\/figure>\n\n\n\n<figure class=\"wp-block-image size-large\"><img loading=\"lazy\" decoding=\"async\" width=\"768\" height=\"1024\" data-id=\"49\" src=\"https:\/\/von-franconia.de\/wp-content\/uploads\/2024\/10\/Juna-10-768x1024.jpg\" alt=\"\" class=\"wp-image-49\" srcset=\"https:\/\/von-franconia.de\/wp-content\/uploads\/2024\/10\/Juna-10-768x1024.jpg 768w, https:\/\/von-franconia.de\/wp-content\/uploads\/2024\/10\/Juna-10-225x300.jpg 225w, https:\/\/von-franconia.de\/wp-content\/uploads\/2024\/10\/Juna-10-1152x1536.jpg 1152w, https:\/\/von-franconia.de\/wp-content\/uploads\/2024\/10\/Juna-10.jpg 1536w\" sizes=\"auto, (max-width: 768px) 100vw, 768px\" \/><\/figure>\n\n\n\n<figure class=\"wp-block-image size-large\"><img loading=\"lazy\" decoding=\"async\" width=\"1024\" height=\"667\" data-id=\"50\" src=\"https:\/\/von-franconia.de\/wp-content\/uploads\/2024\/10\/Juna-11-1024x667.jpg\" alt=\"\" class=\"wp-image-50\" srcset=\"https:\/\/von-franconia.de\/wp-content\/uploads\/2024\/10\/Juna-11-1024x667.jpg 1024w, https:\/\/von-franconia.de\/wp-content\/uploads\/2024\/10\/Juna-11-300x196.jpg 300w, https:\/\/von-franconia.de\/wp-content\/uploads\/2024\/10\/Juna-11-768x501.jpg 768w, https:\/\/von-franconia.de\/wp-content\/uploads\/2024\/10\/Juna-11.jpg 1080w\" sizes=\"auto, (max-width: 1024px) 100vw, 1024px\" \/><\/figure>\n<\/figure>\n","protected":false},"excerpt":{"rendered":"<p>Coco Diavolocane (DOBGUN\u2018S LADY LIVINIA &amp; DOBGUN\u2018S NORDANE NILO)&nbsp; Rufname Juna geboren am 06.06.2022 Patella 0\/0 (=&gt; beidseitig keine Patella-Luxation) [&hellip;]<\/p>\n","protected":false},"author":1,"featured_media":0,"parent":0,"menu_order":2,"comment_status":"closed","ping_status":"closed","template":"","meta":{"site-sidebar-layout":"default","site-content-layout":"","ast-site-content-layout":"default","site-content-style":"default","site-sidebar-style":"default","ast-global-header-display":"","ast-banner-title-visibility":"","ast-main-header-display":"","ast-hfb-above-header-display":"","ast-hfb-below-header-display":"","ast-hfb-mobile-header-display":"","site-post-title":"disabled","ast-breadcrumbs-content":"","ast-featured-img":"","footer-sml-layout":"","ast-disable-related-posts":"","theme-transparent-header-meta":"","adv-header-id-meta":"","stick-header-meta":"","header-above-stick-meta":"","header-main-stick-meta":"","header-below-stick-meta":"","astra-migrate-meta-layouts":"default","ast-page-background-enabled":"default","ast-page-background-meta":{"desktop":{"background-color":"var(--ast-global-color-4)","background-image":"","background-repeat":"repeat","background-position":"center center","background-size":"auto","background-attachment":"scroll","background-type":"","background-media":"","overlay-type":"","overlay-color":"","overlay-opacity":"","overlay-gradient":""},"tablet":{"background-color":"","background-image":"","background-repeat":"repeat","background-position":"center center","background-size":"auto","background-attachment":"scroll","background-type":"","background-media":"","overlay-type":"","overlay-color":"","overlay-opacity":"","overlay-gradient":""},"mobile":{"background-color":"","background-image":"","background-repeat":"repeat","background-position":"center center","background-size":"auto","background-attachment":"scroll","background-type":"","background-media":"","overlay-type":"","overlay-color":"","overlay-opacity":"","overlay-gradient":""}},"ast-content-background-meta":{"desktop":{"background-color":"var(--ast-global-color-5)","background-image":"","background-repeat":"repeat","background-position":"center center","background-size":"auto","background-attachment":"scroll","background-type":"","background-media":"","overlay-type":"","overlay-color":"","overlay-opacity":"","overlay-gradient":""},"tablet":{"background-color":"var(--ast-global-color-5)","background-image":"","background-repeat":"repeat","background-position":"center center","background-size":"auto","background-attachment":"scroll","background-type":"","background-media":"","overlay-type":"","overlay-color":"","overlay-opacity":"","overlay-gradient":""},"mobile":{"background-color":"var(--ast-global-color-5)","background-image":"","background-repeat":"repeat","background-position":"center center","background-size":"auto","background-attachment":"scroll","background-type":"","background-media":"","overlay-type":"","overlay-color":"","overlay-opacity":"","overlay-gradient":""}},"footnotes":""},"class_list":["post-41","page","type-page","status-publish","hentry"],"_links":{"self":[{"href":"https:\/\/von-franconia.de\/index.php?rest_route=\/wp\/v2\/pages\/41","targetHints":{"allow":["GET"]}}],"collection":[{"href":"https:\/\/von-franconia.de\/index.php?rest_route=\/wp\/v2\/pages"}],"about":[{"href":"https:\/\/von-franconia.de\/index.php?rest_route=\/wp\/v2\/types\/page"}],"author":[{"embeddable":true,"href":"https:\/\/von-franconia.de\/index.php?rest_route=\/wp\/v2\/users\/1"}],"replies":[{"embeddable":true,"href":"https:\/\/von-franconia.de\/index.php?rest_route=%2Fwp%2Fv2%2Fcomments&post=41"}],"version-history":[{"count":11,"href":"https:\/\/von-franconia.de\/index.php?rest_route=\/wp\/v2\/pages\/41\/revisions"}],"predecessor-version":[{"id":409,"href":"https:\/\/von-franconia.de\/index.php?rest_route=\/wp\/v2\/pages\/41\/revisions\/409"}],"wp:attachment":[{"href":"https:\/\/von-franconia.de\/index.php?rest_route=%2Fwp%2Fv2%2Fmedia&parent=41"}],"curies":[{"name":"wp","href":"https:\/\/api.w.org\/{rel}","templated":true}]}}