{"id":34,"date":"2024-10-03T12:21:35","date_gmt":"2024-10-03T10:21:35","guid":{"rendered":"https:\/\/von-franconia.de\/?page_id=34"},"modified":"2024-10-14T17:04:38","modified_gmt":"2024-10-14T15:04:38","slug":"ueber-uns","status":"publish","type":"page","link":"https:\/\/von-franconia.de\/?page_id=34","title":{"rendered":"\u00dcber uns"},"content":{"rendered":"\n<figure class=\"wp-block-image aligncenter size-full is-resized\"><img loading=\"lazy\" decoding=\"async\" width=\"446\" height=\"446\" src=\"https:\/\/von-franconia.de\/wp-content\/uploads\/2024\/10\/wir-1.jpg\" alt=\"\" class=\"wp-image-35\" style=\"width:186px;height:auto\" srcset=\"https:\/\/von-franconia.de\/wp-content\/uploads\/2024\/10\/wir-1.jpg 446w, https:\/\/von-franconia.de\/wp-content\/uploads\/2024\/10\/wir-1-300x300.jpg 300w, https:\/\/von-franconia.de\/wp-content\/uploads\/2024\/10\/wir-1-150x150.jpg 150w\" sizes=\"auto, (max-width: 446px) 100vw, 446px\" \/><\/figure>\n\n\n\n<h4 class=\"wp-block-heading has-text-align-center\">Wir, mein Mann Michael, unsere 3 Kinder und ich haben seit 1996 Fellnasen. Als erster Hund zog Asta, eine Dobermannh\u00fcndin bei uns ein. Sie war ein toller Familienhund. Da sie leider viel zu fr\u00fch verstorben ist, wir aber nicht ohne Hund sein wollten, kamen die 2 Dobis Aramis und Felice in unsere Familie. <\/h4>\n\n\n\n<h4 class=\"wp-block-heading has-text-align-center\"> 2004 als unsere Kinder gr\u00f6\u00dfer waren und wir mehr Zeit hatten, begannen wir uns mit unserem R\u00fcden Aramis mit dem Hundesport (VPG) zu besch\u00e4ftigen und sp\u00e4ter auch mit Felice.<\/h4>\n\n\n\n<h4 class=\"wp-block-heading has-text-align-center\">Als \u201eblutige\u201c Anf\u00e4nger auf diesem Gebiet machten wir unsere Erfahrungen und lernten sehr viel &#8230; an dieser Stelle ein herzliches \u201eDankesch\u00f6n\u201c Allen die sich die Zeit genommen und uns geholfen haben!&nbsp;<\/h4>\n\n\n\n<h4 class=\"wp-block-heading has-text-align-center\">Obwohl der R\u00fcde, wie sich nach und nach herausstellte, in keinster Weise ein \u201eAnf\u00e4ngerhund\u201c war, haben wir nicht aufgegeben und durch und mit ihm sehr viel gelernt und legten mit beiden Hunden verschiedene Pr\u00fcfungen ab.<\/h4>\n\n\n\n<h4 class=\"wp-block-heading has-text-align-center\">Dabei steht und stand f\u00fcr uns immer im Vordergrund: der&nbsp;Hundesport ist f\u00fcr uns ein Hobby, das uns&nbsp;und&nbsp;unseren Hunden Spa\u00df machen soll&nbsp;\u2013 auch wenn&nbsp;so Alles vielleicht etwas l\u00e4nger dauert. Aber schlie\u00dflich mussten ja nicht nur unsere Hunde, sondern auch wir erst Alles lernen &#8230;&nbsp;<\/h4>\n\n\n\n<h4 class=\"wp-block-heading has-text-align-center\">2008 im Sommer konnten wir uns dann unseren gro\u00dfen Traum erf\u00fcllen und ein ehemaliges Jagdhaus mit Alleinlage im Wald in Faulbach in Unterfranken im wundersch\u00f6nen Maintal erwerben. Mit dem Umzug hierher war der Grundstein f\u00fcr den Zwinger \u201evon Franconia\u201c gelegt!&nbsp;<\/h4>\n\n\n\n<h4 class=\"wp-block-heading has-text-align-center\">Auf 6000 m\u00b2 k\u00f6nnen sich unsere Hunde hier nach Herzenslust austoben, raufen und bellen, ohne dass sich irgend jemand \u2013 au\u00dfer vielleicht Fuchs und Hase &#8211; dran st\u00f6rt &#8230; gen\u00fcgend Platz im Haus ist ebenso vorhanden &#8211; also ein ideales Umfeld f\u00fcr die Aufzucht von Welpen!<\/h4>\n\n\n\n<h4 class=\"wp-block-heading has-text-align-center\">2009 und 2010 klappte es und es wurden Dobi-Welpen in unserem Zwinger von Franconia geboren. Aus dem A-Wurf behielten wir Arka &#8211; sie sollte in die Fu\u00dfstapfen von ihrer Mutter Felice treten und den Dobi-Zwinger weiterf\u00fchren.&nbsp;Sie erf\u00fcllte die gesundheitlichen Voraussetzungen und auch die erforderlichen Pr\u00fcfungen haben wir gemacht. Doch leider hat Mutter Natur anders entschieden und trotz mehrerer Versuche bekam Arka keine Welpen. Felice verstarb leider im Altern von gut 6 Jahren an Knochenkrebs.<\/h4>\n\n\n\n<h4 class=\"wp-block-heading has-text-align-center\">Aufgrund verschiedener pers\u00f6nlicher Umst\u00e4nde haben wir uns dann entschieden keine Doberm\u00e4nner mehr zu z\u00fcchten. Wir haben die komprimierte Ausf\u00fchrung &#8211; den Zwergpinscher &#8211; kennengelernt und waren von dem kleinen agilen Hund begeistert. 2013 zog eine Zwergpinscherh\u00fcndin bei uns ein und wir begannen erfolgreich zu z\u00fcchten.&nbsp;<\/h4>\n\n\n\n<h4 class=\"wp-block-heading has-text-align-center\">Die Deutsche Pinscher H\u00fcndin Cinnia &#8211; quasi das &#8222;Mittelding&#8220; bez\u00fcglich der Gr\u00f6\u00dfe zwischen Dobi und Zwerg &#8211; kam 2016 in unser Leben und hat uns 3 tolle W\u00fcrfe geschenkt.<\/h4>\n\n\n\n<h4 class=\"wp-block-heading has-text-align-center\">Das Leben ist ein st\u00e4ndiger Wandel und aus verschiedenen Gr\u00fcnden z\u00fcchten wir keine Deutschen Pinscher und Zwergpinscher mehr. Zuf\u00e4llig haben wir 2022 von der Rasse &#8222;Dansk Svens Gardhund&#8220; erfahren. Auch er geh\u00f6rt zu den Pinscherrassen, auch wenn man das auf den ersten Blick nicht denkt. Begeistert von dem ruhigen und ausgeglichenen Wesen und dem Ph\u00e4notyp war uns schnell klar, dass das unsere &#8222;Rentner-Rasse&#8220; ist und wollten uns 2023 vielleicht einen Dansky holen. <\/h4>\n\n\n\n<h4 class=\"wp-block-heading has-text-align-center\">Wir namen im August 2022 Kontakt mit verschiedenen Z\u00fcchtern auf um auf die Warteliste zu kommen. Wie es der Zufall wollte, waren im Zwinger &#8222;Diavolocane&#8220; noch 2 H\u00fcndinnen frei, welche bereits in wenigen Wochen ausziehen konnten. Na ja &#8230; da war die Entscheidung schnell getroffen und viel fr\u00fcher als gedacht zog &#8222;Coco Diavolicane&#8220; Rufname Juna bei uns ein. Besser h\u00e4tten wir es nicht treffen k\u00f6nnen, denn sie ist einfach ein Traum &#8230;<\/h4>\n\n\n\n<h4 class=\"wp-block-heading has-text-align-center\">Dies ist eine kleine Zusammenfassung \u00fcber unsere \u201eHundler-Laufbahn\u201c. Offene Fragen beantworten wir gerne und Neuigkeiten finden Sie unter \u201eAktuelles\u201c.&nbsp;<\/h4>\n\n\n\n<h4 class=\"wp-block-heading has-text-align-center\">Wir stehen Welpenk\u00e4ufern gerne mit Rat und Tat bei allen Fragen zur Seite und helfen gerne mit unseren Erfahrungen weiter. Es gibt aber kein \u201eRezept\u201c das auf jeden Hund passt. Es sind Lebewesen mit St\u00e4rken und Schw\u00e4chen wie die Menschen auch und die Herausforderung an den Hundef\u00fchrer ist mit seinem Hund ein Team zu werden. Eben diese St\u00e4rken und Schw\u00e4chen zu erkennen und f\u00fcr die Ausbildung zu nutzen, je nachdem was er mit seinem Hund machen m\u00f6chte. Denn viele Wege f\u00fchren nach Rom &#8230; oder wo man eben hin will &#8230;<\/h4>\n\n\n\n<figure class=\"wp-block-image aligncenter size-large is-resized\"><img loading=\"lazy\" decoding=\"async\" width=\"1024\" height=\"767\" src=\"https:\/\/von-franconia.de\/wp-content\/uploads\/2024\/10\/Photoroom-20240802_1538511-1024x767.png\" alt=\"\" class=\"wp-image-132\" style=\"width:260px;height:auto\" srcset=\"https:\/\/von-franconia.de\/wp-content\/uploads\/2024\/10\/Photoroom-20240802_1538511-1024x767.png 1024w, https:\/\/von-franconia.de\/wp-content\/uploads\/2024\/10\/Photoroom-20240802_1538511-300x225.png 300w, https:\/\/von-franconia.de\/wp-content\/uploads\/2024\/10\/Photoroom-20240802_1538511-768x576.png 768w, https:\/\/von-franconia.de\/wp-content\/uploads\/2024\/10\/Photoroom-20240802_1538511-1536x1151.png 1536w, https:\/\/von-franconia.de\/wp-content\/uploads\/2024\/10\/Photoroom-20240802_1538511.png 2000w\" sizes=\"auto, (max-width: 1024px) 100vw, 1024px\" \/><\/figure>\n\n\n\n<hr class=\"wp-block-separator has-alpha-channel-opacity\"\/>\n\n\n\n<h2 class=\"wp-block-heading has-text-align-center\">Unsere Qualifikationen<\/h2>\n\n\n\n<h4 class=\"wp-block-heading has-text-align-center\"><strong>Unsere Zuchtst\u00e4tte ist vom Veterin\u00e4ramt Miltenberg gepr\u00fcft und genehmigt und bei den Beh\u00f6rden ordnungsgem\u00e4\u00df gemeldet.<\/strong><\/h4>\n\n\n\n<h4 class=\"wp-block-heading has-text-align-center\"><strong>Silke und Michael Reis haben beide den Sachkundenachweis nach \u00a7 11 erfolgreich abgelegt.<\/strong><\/h4>\n\n\n\n<figure class=\"wp-block-table\"><table class=\"has-fixed-layout\"><tbody><tr><td class=\"has-text-align-center\" data-align=\"center\"><strong>Unsere Erfahrungen \/ Qualifikationen<\/strong><\/td><\/tr><tr><td class=\"has-text-align-center\" data-align=\"center\">eigene Hunde seit 1995<\/td><\/tr><tr><td class=\"has-text-align-center\" data-align=\"center\">mehrfach eigene Hunde f\u00fcr die Begleithundpr\u00fcfung ausgebildet<\/td><\/tr><tr><td class=\"has-text-align-center\" data-align=\"center\">f\u00fcr die Vielseitigkeitspr\u00fcfung (F\u00e4hrte, Unterordnung, Schutzdienst) ausgebildet<\/td><\/tr><tr><td class=\"has-text-align-center\" data-align=\"center\">Begleithundpr\u00fcfungen, Vielseitigkeitspr\u00fcfungen und Zuchtzulassungen absolviert<\/td><\/tr><tr><td class=\"has-text-align-center\" data-align=\"center\">Kurse, Seminare und Schulungen bzgl. Ausbildung, Verhalten und Ern\u00e4hrung<\/td><\/tr><tr><td class=\"has-text-align-center\" data-align=\"center\">Sachkunde f\u00fcr Ausbildungswarte im Dobermannverein (VdH)<\/td><\/tr><tr><td class=\"has-text-align-center\" data-align=\"center\">Sachkunde und Zwingerabnahme im Dobermannverein (VdH)<\/td><\/tr><tr><td class=\"has-text-align-center\" data-align=\"center\">Sachkunde und Zwingerabnahme im Pinscher- und Schnauzer-Klub (VdH)<\/td><\/tr><tr><td class=\"has-text-align-center\" data-align=\"center\">laufend Fortbildungsma\u00dfnahmen f\u00fcr Z\u00fcchter Jeder Z\u00fcchter im PSK muss regelm\u00e4\u00dfig an diesen Fortbildungen teilnehmen<\/td><\/tr><tr><td class=\"has-text-align-center\" data-align=\"center\"> seit 2009 Erfahrungen mit Welpenaufzucht im Zwinger \u201evon Franconia\u201c<\/td><\/tr><tr><td class=\"has-text-align-center\" data-align=\"center\">\u00dcberpr\u00fcfung der Sachkunde, Abnahme der \u00d6rtlichkeiten und Genehmigung Hundezucht und Hundepension durch das Veterin\u00e4ramt Miltenberg<\/td><\/tr><\/tbody><\/table><\/figure>\n\n\n\n<p><\/p>\n\n\n\n<p><\/p>\n","protected":false},"excerpt":{"rendered":"<p>Wir, mein Mann Michael, unsere 3 Kinder und ich haben seit 1996 Fellnasen. Als erster Hund zog Asta, eine Dobermannh\u00fcndin [&hellip;]<\/p>\n","protected":false},"author":1,"featured_media":0,"parent":0,"menu_order":9,"comment_status":"closed","ping_status":"closed","template":"","meta":{"site-sidebar-layout":"default","site-content-layout":"","ast-site-content-layout":"default","site-content-style":"default","site-sidebar-style":"default","ast-global-header-display":"","ast-banner-title-visibility":"","ast-main-header-display":"","ast-hfb-above-header-display":"","ast-hfb-below-header-display":"","ast-hfb-mobile-header-display":"","site-post-title":"disabled","ast-breadcrumbs-content":"","ast-featured-img":"","footer-sml-layout":"","ast-disable-related-posts":"","theme-transparent-header-meta":"","adv-header-id-meta":"","stick-header-meta":"","header-above-stick-meta":"","header-main-stick-meta":"","header-below-stick-meta":"","astra-migrate-meta-layouts":"default","ast-page-background-enabled":"default","ast-page-background-meta":{"desktop":{"background-color":"var(--ast-global-color-4)","background-image":"","background-repeat":"repeat","background-position":"center center","background-size":"auto","background-attachment":"scroll","background-type":"","background-media":"","overlay-type":"","overlay-color":"","overlay-opacity":"","overlay-gradient":""},"tablet":{"background-color":"","background-image":"","background-repeat":"repeat","background-position":"center center","background-size":"auto","background-attachment":"scroll","background-type":"","background-media":"","overlay-type":"","overlay-color":"","overlay-opacity":"","overlay-gradient":""},"mobile":{"background-color":"","background-image":"","background-repeat":"repeat","background-position":"center center","background-size":"auto","background-attachment":"scroll","background-type":"","background-media":"","overlay-type":"","overlay-color":"","overlay-opacity":"","overlay-gradient":""}},"ast-content-background-meta":{"desktop":{"background-color":"var(--ast-global-color-5)","background-image":"","background-repeat":"repeat","background-position":"center center","background-size":"auto","background-attachment":"scroll","background-type":"","background-media":"","overlay-type":"","overlay-color":"","overlay-opacity":"","overlay-gradient":""},"tablet":{"background-color":"var(--ast-global-color-5)","background-image":"","background-repeat":"repeat","background-position":"center center","background-size":"auto","background-attachment":"scroll","background-type":"","background-media":"","overlay-type":"","overlay-color":"","overlay-opacity":"","overlay-gradient":""},"mobile":{"background-color":"var(--ast-global-color-5)","background-image":"","background-repeat":"repeat","background-position":"center center","background-size":"auto","background-attachment":"scroll","background-type":"","background-media":"","overlay-type":"","overlay-color":"","overlay-opacity":"","overlay-gradient":""}},"footnotes":""},"class_list":["post-34","page","type-page","status-publish","hentry"],"_links":{"self":[{"href":"https:\/\/von-franconia.de\/index.php?rest_route=\/wp\/v2\/pages\/34","targetHints":{"allow":["GET"]}}],"collection":[{"href":"https:\/\/von-franconia.de\/index.php?rest_route=\/wp\/v2\/pages"}],"about":[{"href":"https:\/\/von-franconia.de\/index.php?rest_route=\/wp\/v2\/types\/page"}],"author":[{"embeddable":true,"href":"https:\/\/von-franconia.de\/index.php?rest_route=\/wp\/v2\/users\/1"}],"replies":[{"embeddable":true,"href":"https:\/\/von-franconia.de\/index.php?rest_route=%2Fwp%2Fv2%2Fcomments&post=34"}],"version-history":[{"count":17,"href":"https:\/\/von-franconia.de\/index.php?rest_route=\/wp\/v2\/pages\/34\/revisions"}],"predecessor-version":[{"id":298,"href":"https:\/\/von-franconia.de\/index.php?rest_route=\/wp\/v2\/pages\/34\/revisions\/298"}],"wp:attachment":[{"href":"https:\/\/von-franconia.de\/index.php?rest_route=%2Fwp%2Fv2%2Fmedia&parent=34"}],"curies":[{"name":"wp","href":"https:\/\/api.w.org\/{rel}","templated":true}]}}